{"id":636,"date":"2024-10-01T19:35:49","date_gmt":"2024-10-01T18:35:49","guid":{"rendered":"https:\/\/seanhendicott.com\/?page_id=636"},"modified":"2024-10-01T19:35:49","modified_gmt":"2024-10-01T18:35:49","slug":"mentions-legales","status":"publish","type":"page","link":"https:\/\/seanhendicott.com\/en\/mentions-legales\/","title":{"rendered":"Legal information"},"content":{"rendered":"<h1 class=\"wp-block-heading\">Sean Hendicott<\/h1>\n\n\n\n<h2 class=\"wp-block-heading\">Politique de confidentialit\u00e9<\/h2>\n\n\n\n<p>Cette politique de confidentialit\u00e9 d\u00e9crit comment vos informations personnelles sont collect\u00e9es, utilis\u00e9es et partag\u00e9es lorsque vous visitez ou remplissez un formulaire de contact sur https:\/\/seanhendicott.com (le \u00ab Site \u00bb).<\/p>\n\n\n\n<h3 class=\"wp-block-heading\" id=\"personal-information-we-collect\">Informations personnelles que nous collectons<\/h3>\n\n\n\n<p>Lorsque vous visitez le Site, nous collectons automatiquement certaines informations sur votre appareil, notamment des informations sur votre navigateur Web, votre adresse IP, votre fuseau horaire et certains des cookies install\u00e9s sur votre appareil. De plus, lorsque vous naviguez sur le Site, nous collectons des informations sur les pages Web ou les produits individuels que vous consultez, les sites Web ou les termes de recherche qui vous ont renvoy\u00e9 vers le Site et des informations sur la fa\u00e7on dont vous interagissez avec le Site. Nous d\u00e9signons ces informations collect\u00e9es automatiquement par le terme \u00ab Informations sur l&rsquo;appareil \u00bb.<\/p>\n\n\n\n<p>Nous collectons des informations sur les appareils \u00e0 l&rsquo;aide des technologies suivantes&nbsp;:<\/p>\n\n\n\n<ul class=\"wp-block-list\">\n<li>Les \u00ab fichiers journaux \u00bb suivent les actions se produisant sur le Site et collectent des donn\u00e9es, notamment votre adresse IP, le type de navigateur, le fournisseur de services Internet, les pages de renvoi\/sortie et les horodatages.<\/li>\n\n\n\n<li>De plus, lorsque vous remplissez notre formulaire de contact, nous collectons votre nom et votre adresse e-mail afin de vous r\u00e9pondre.<\/li>\n<\/ul>\n\n\n\n<p>Lorsque nous parlons d\u2019\u00ab Informations personnelles \u00bb dans la pr\u00e9sente Politique de confidentialit\u00e9, nous parlons \u00e0 la fois d\u2019Informations sur l\u2019appareil et d\u2019Informations de contact.<\/p>\n\n\n\n<h3 class=\"wp-block-heading\" id=\"how-do-we-use-your-personal-information\">Comment utilisons-nous vos informations personnelles ?<\/h3>\n\n\n\n<p>Nous utilisons vos coordonn\u00e9es pour :<\/p>\n\n\n\n<ul class=\"wp-block-list\">\n<li>communiquer avec vous<\/li>\n\n\n\n<li>lorsque cela est conforme aux pr\u00e9f\u00e9rences que vous avez partag\u00e9es avec nous, pour vous fournir des informations ou des publicit\u00e9s relatives \u00e0 des produits ou services suppl\u00e9mentaires.<\/li>\n\n\n\n<li>Nous utilisons les informations sur les appareils que nous collectons pour nous aider \u00e0 d\u00e9tecter les risques potentiels et les fraudes (en particulier, votre adresse IP) et, plus g\u00e9n\u00e9ralement, pour am\u00e9liorer et optimiser notre site (par exemple, en g\u00e9n\u00e9rant des analyses sur la fa\u00e7on dont nos clients naviguent et interagissent avec le site, et pour \u00e9valuer le succ\u00e8s de nos campagnes de marketing et de publicit\u00e9).<\/li>\n<\/ul>\n\n\n\n<h3 class=\"wp-block-heading\" id=\"sharing-your-personal-information\">Partage de vos informations personnelles<\/h3>\n\n\n\n<p>Nous partageons vos informations personnelles avec des tiers pour nous aider \u00e0 utiliser vos informations personnelles, comme d\u00e9crit ci-dessus.<\/p>\n\n\n\n<p>Enfin, nous pouvons \u00e9galement partager vos informations personnelles pour nous conformer aux lois et r\u00e9glementations applicables, pour r\u00e9pondre \u00e0 une assignation \u00e0 compara\u00eetre, \u00e0 un mandat de perquisition ou \u00e0 toute autre demande l\u00e9gale d&rsquo;informations que nous recevons, ou pour prot\u00e9ger nos droits.<\/p>\n\n\n\n<h3 class=\"wp-block-heading\" id=\"do-not-track\">Ne pas suivre<\/h3>\n\n\n\n<p>Veuillez noter que nous ne modifions pas les pratiques de collecte et d&rsquo;utilisation des donn\u00e9es de notre site lorsque nous voyons un signal \u00ab Ne pas suivre \u00bb de votre navigateur.<\/p>\n\n\n\n<h3 class=\"wp-block-heading\" id=\"your-rights\">Vos droits<\/h3>\n\n\n\n<p>Si vous \u00eates r\u00e9sident europ\u00e9en, vous avez le droit d&rsquo;acc\u00e9der aux informations personnelles que nous d\u00e9tenons \u00e0 votre sujet et de demander que vos informations personnelles soient corrig\u00e9es, mises \u00e0 jour ou supprim\u00e9es. Si vous souhaitez exercer ce droit, veuillez nous contacter via les coordonn\u00e9es ci-dessous.<\/p>\n\n\n\n<p>De plus, si vous \u00eates un r\u00e9sident europ\u00e9en, nous notons que nous traitons vos informations afin de remplir les contrats que je pourrais avoir avec vous (par exemple si vous passez une commande via le Site), ou pour poursuivre nos int\u00e9r\u00eats commerciaux l\u00e9gitimes \u00e9num\u00e9r\u00e9s ci-dessus. De plus, veuillez noter que vos informations peuvent \u00eatre transf\u00e9r\u00e9es en dehors de l&rsquo;Europe, notamment au Canada et aux \u00c9tats-Unis.<\/p>\n\n\n\n<h3 class=\"wp-block-heading\" id=\"data-retention\">Conservation des donn\u00e9es<\/h3>\n\n\n\n<p>Lorsque vous communiquez avec nous, nous conserverons vos renseignements personnels dans nos dossiers, \u00e0 moins que vous ne nous demandiez de supprimer ces renseignements.<\/p>\n\n\n\n<h3 class=\"wp-block-heading\" id=\"changes\">Changements<\/h3>\n\n\n\n<p>Nous pouvons mettre \u00e0 jour cette politique de confidentialit\u00e9 de temps \u00e0 autre afin de refl\u00e9ter, par exemple, des changements dans nos pratiques ou pour d&rsquo;autres raisons op\u00e9rationnelles, l\u00e9gales ou r\u00e9glementaires.<\/p>\n\n\n\n<h3 class=\"wp-block-heading\" id=\"contact-us\">Contact us<\/h3>\n\n\n\n<p>Pour plus d&rsquo;informations sur nos pratiques de confidentialit\u00e9, si vous avez des questions ou si vous souhaitez d\u00e9poser une plainte, veuillez me contacter par e-mail \u00e0 admin@seanhendicott.com<\/p>","protected":false},"excerpt":{"rendered":"<p>Sean Hendicott Politique de confidentialit\u00e9 Cette politique de confidentialit\u00e9 d\u00e9crit comment vos informations personnelles sont collect\u00e9es, utilis\u00e9es et partag\u00e9es lorsque vous visitez ou remplissez un formulaire de contact sur https:\/\/seanhendicott.com (le \u00ab Site \u00bb). Informations personnelles que nous collectons Lorsque vous visitez le Site, nous collectons automatiquement certaines informations sur votre appareil, notamment des informations [&hellip;]<\/p>","protected":false},"author":1,"featured_media":0,"parent":0,"menu_order":0,"comment_status":"closed","ping_status":"closed","template":"","meta":{"footnotes":""},"class_list":["post-636","page","type-page","status-publish","hentry"],"yoast_head":"<!-- This site is optimized with the Yoast SEO plugin v25.6 - https:\/\/yoast.com\/wordpress\/plugins\/seo\/ -->\n<title>Mentions l\u00e9gales - Esse France<\/title>\n<meta name=\"robots\" content=\"index, follow, max-snippet:-1, max-image-preview:large, max-video-preview:-1\" \/>\n<link rel=\"canonical\" href=\"https:\/\/seanhendicott.com\/en\/mentions-legales\/\" \/>\n<meta property=\"og:locale\" content=\"en_GB\" \/>\n<meta property=\"og:type\" content=\"article\" \/>\n<meta property=\"og:title\" content=\"Mentions l\u00e9gales - Esse France\" \/>\n<meta property=\"og:description\" content=\"Sean Hendicott Politique de confidentialit\u00e9 Cette politique de confidentialit\u00e9 d\u00e9crit comment vos informations personnelles sont collect\u00e9es, utilis\u00e9es et partag\u00e9es lorsque vous visitez ou remplissez un formulaire de contact sur https:\/\/seanhendicott.com (le \u00ab Site \u00bb). Informations personnelles que nous collectons Lorsque vous visitez le Site, nous collectons automatiquement certaines informations sur votre appareil, notamment des informations [&hellip;]\" \/>\n<meta property=\"og:url\" content=\"https:\/\/seanhendicott.com\/en\/mentions-legales\/\" \/>\n<meta property=\"og:site_name\" content=\"Esse France\" \/>\n<meta name=\"twitter:card\" content=\"summary_large_image\" \/>\n<meta name=\"twitter:label1\" content=\"Estimated reading time\" \/>\n\t<meta name=\"twitter:data1\" content=\"3 minutes\" \/>\n<script type=\"application\/ld+json\" class=\"yoast-schema-graph\">{\"@context\":\"https:\/\/schema.org\",\"@graph\":[{\"@type\":\"WebPage\",\"@id\":\"https:\/\/seanhendicott.com\/mentions-legales\/\",\"url\":\"https:\/\/seanhendicott.com\/mentions-legales\/\",\"name\":\"Mentions l\u00e9gales - Esse France\",\"isPartOf\":{\"@id\":\"https:\/\/seanhendicott.com\/#website\"},\"datePublished\":\"2024-10-01T18:35:49+00:00\",\"breadcrumb\":{\"@id\":\"https:\/\/seanhendicott.com\/mentions-legales\/#breadcrumb\"},\"inLanguage\":\"en-GB\",\"potentialAction\":[{\"@type\":\"ReadAction\",\"target\":[\"https:\/\/seanhendicott.com\/mentions-legales\/\"]}]},{\"@type\":\"BreadcrumbList\",\"@id\":\"https:\/\/seanhendicott.com\/mentions-legales\/#breadcrumb\",\"itemListElement\":[{\"@type\":\"ListItem\",\"position\":1,\"name\":\"Accueil\",\"item\":\"https:\/\/seanhendicott.com\/\"},{\"@type\":\"ListItem\",\"position\":2,\"name\":\"Mentions l\u00e9gales\"}]},{\"@type\":\"WebSite\",\"@id\":\"https:\/\/seanhendicott.com\/#website\",\"url\":\"https:\/\/seanhendicott.com\/\",\"name\":\"Esse France\",\"description\":\"\",\"publisher\":{\"@id\":\"https:\/\/seanhendicott.com\/#organization\"},\"potentialAction\":[{\"@type\":\"SearchAction\",\"target\":{\"@type\":\"EntryPoint\",\"urlTemplate\":\"https:\/\/seanhendicott.com\/?s={search_term_string}\"},\"query-input\":{\"@type\":\"PropertyValueSpecification\",\"valueRequired\":true,\"valueName\":\"search_term_string\"}}],\"inLanguage\":\"en-GB\"},{\"@type\":\"Organization\",\"@id\":\"https:\/\/seanhendicott.com\/#organization\",\"name\":\"Esse France\",\"url\":\"https:\/\/seanhendicott.com\/\",\"logo\":{\"@type\":\"ImageObject\",\"inLanguage\":\"en-GB\",\"@id\":\"https:\/\/seanhendicott.com\/#\/schema\/logo\/image\/\",\"url\":\"https:\/\/seanhendicott.com\/wp-content\/uploads\/2024\/09\/cropped-ne-pas-toucher-1.png\",\"contentUrl\":\"https:\/\/seanhendicott.com\/wp-content\/uploads\/2024\/09\/cropped-ne-pas-toucher-1.png\",\"width\":512,\"height\":512,\"caption\":\"Esse France\"},\"image\":{\"@id\":\"https:\/\/seanhendicott.com\/#\/schema\/logo\/image\/\"}}]}<\/script>\n<!-- \/ Yoast SEO plugin. -->","yoast_head_json":{"title":"Mentions l\u00e9gales - Esse France","robots":{"index":"index","follow":"follow","max-snippet":"max-snippet:-1","max-image-preview":"max-image-preview:large","max-video-preview":"max-video-preview:-1"},"canonical":"https:\/\/seanhendicott.com\/en\/mentions-legales\/","og_locale":"en_GB","og_type":"article","og_title":"Mentions l\u00e9gales - Esse France","og_description":"Sean Hendicott Politique de confidentialit\u00e9 Cette politique de confidentialit\u00e9 d\u00e9crit comment vos informations personnelles sont collect\u00e9es, utilis\u00e9es et partag\u00e9es lorsque vous visitez ou remplissez un formulaire de contact sur https:\/\/seanhendicott.com (le \u00ab Site \u00bb). Informations personnelles que nous collectons Lorsque vous visitez le Site, nous collectons automatiquement certaines informations sur votre appareil, notamment des informations [&hellip;]","og_url":"https:\/\/seanhendicott.com\/en\/mentions-legales\/","og_site_name":"Esse France","twitter_card":"summary_large_image","twitter_misc":{"Estimated reading time":"3 minutes"},"schema":{"@context":"https:\/\/schema.org","@graph":[{"@type":"WebPage","@id":"https:\/\/seanhendicott.com\/mentions-legales\/","url":"https:\/\/seanhendicott.com\/mentions-legales\/","name":"Mentions l\u00e9gales - Esse France","isPartOf":{"@id":"https:\/\/seanhendicott.com\/#website"},"datePublished":"2024-10-01T18:35:49+00:00","breadcrumb":{"@id":"https:\/\/seanhendicott.com\/mentions-legales\/#breadcrumb"},"inLanguage":"en-GB","potentialAction":[{"@type":"ReadAction","target":["https:\/\/seanhendicott.com\/mentions-legales\/"]}]},{"@type":"BreadcrumbList","@id":"https:\/\/seanhendicott.com\/mentions-legales\/#breadcrumb","itemListElement":[{"@type":"ListItem","position":1,"name":"Accueil","item":"https:\/\/seanhendicott.com\/"},{"@type":"ListItem","position":2,"name":"Mentions l\u00e9gales"}]},{"@type":"WebSite","@id":"https:\/\/seanhendicott.com\/#website","url":"https:\/\/seanhendicott.com\/","name":"Esse France","description":"","publisher":{"@id":"https:\/\/seanhendicott.com\/#organization"},"potentialAction":[{"@type":"SearchAction","target":{"@type":"EntryPoint","urlTemplate":"https:\/\/seanhendicott.com\/?s={search_term_string}"},"query-input":{"@type":"PropertyValueSpecification","valueRequired":true,"valueName":"search_term_string"}}],"inLanguage":"en-GB"},{"@type":"Organization","@id":"https:\/\/seanhendicott.com\/#organization","name":"Esse France","url":"https:\/\/seanhendicott.com\/","logo":{"@type":"ImageObject","inLanguage":"en-GB","@id":"https:\/\/seanhendicott.com\/#\/schema\/logo\/image\/","url":"https:\/\/seanhendicott.com\/wp-content\/uploads\/2024\/09\/cropped-ne-pas-toucher-1.png","contentUrl":"https:\/\/seanhendicott.com\/wp-content\/uploads\/2024\/09\/cropped-ne-pas-toucher-1.png","width":512,"height":512,"caption":"Esse France"},"image":{"@id":"https:\/\/seanhendicott.com\/#\/schema\/logo\/image\/"}}]}},"rttpg_featured_image_url":null,"rttpg_author":{"display_name":"SEAN","author_link":"https:\/\/seanhendicott.com\/en\/author\/icvjrzudkr\/"},"rttpg_comment":0,"rttpg_category":null,"rttpg_excerpt":"Sean Hendicott Politique de confidentialit\u00e9 Cette politique de confidentialit\u00e9 d\u00e9crit comment vos informations personnelles sont collect\u00e9es, utilis\u00e9es et partag\u00e9es lorsque vous visitez ou remplissez un formulaire de contact sur https:\/\/seanhendicott.com (le \u00ab Site \u00bb). Informations personnelles que nous collectons Lorsque vous visitez le Site, nous collectons automatiquement certaines informations sur votre appareil, notamment des informations&hellip;","_links":{"self":[{"href":"https:\/\/seanhendicott.com\/en\/wp-json\/wp\/v2\/pages\/636"}],"collection":[{"href":"https:\/\/seanhendicott.com\/en\/wp-json\/wp\/v2\/pages"}],"about":[{"href":"https:\/\/seanhendicott.com\/en\/wp-json\/wp\/v2\/types\/page"}],"author":[{"embeddable":true,"href":"https:\/\/seanhendicott.com\/en\/wp-json\/wp\/v2\/users\/1"}],"replies":[{"embeddable":true,"href":"https:\/\/seanhendicott.com\/en\/wp-json\/wp\/v2\/comments?post=636"}],"version-history":[{"count":1,"href":"https:\/\/seanhendicott.com\/en\/wp-json\/wp\/v2\/pages\/636\/revisions"}],"predecessor-version":[{"id":637,"href":"https:\/\/seanhendicott.com\/en\/wp-json\/wp\/v2\/pages\/636\/revisions\/637"}],"wp:attachment":[{"href":"https:\/\/seanhendicott.com\/en\/wp-json\/wp\/v2\/media?parent=636"}],"curies":[{"name":"wp","href":"https:\/\/api.w.org\/{rel}","templated":true}]}}